{"id":574,"date":"2024-08-17T00:17:35","date_gmt":"2024-08-16T22:17:35","guid":{"rendered":"http:\/\/szczutowo.pl\/?page_id=574"},"modified":"2025-12-30T22:49:59","modified_gmt":"2025-12-30T21:49:59","slug":"gmina","status":"publish","type":"page","link":"https:\/\/szczutowo.pl\/?page_id=574","title":{"rendered":"O Gminie"},"content":{"rendered":"\n<p style=\"text-align: justify;\">\u00a0 \u00a0 \u00a0 \u00a0 Gmina Szczutowo to malownicza gmina wiejska po\u0142o\u017cona w p\u00f3\u0142nocno-zachodniej cz\u0119\u015bci wojew\u00f3dztwa mazowieckiego, w powiecie sierpeckim, na granicy z wojew\u00f3dztwem kujawsko-pomorskim. Zajmuje powierzchni\u0119 112,6 km\u00b2 (13,2% powiatu), kt\u00f3r\u0105 zamieszkuje ok. 4 tys. mieszka\u0144c\u00f3w. Dominuj\u0105c\u0105 funkcj\u0105 gminy jest rolnictwo (64% powierzchni). W produkcji zwierz\u0119cej wyr\u00f3\u017cnia si\u0119 hodowla byd\u0142a i produkcja mleka. Zalesienie wynosi ok. 25%. W sk\u0142ad gminy wchodzi 25 so\u0142ectw i 26 miejscowo\u015bci. Przez po\u0142udniow\u0105 cz\u0119\u015b\u0107 gminy przebiega droga krajowa nr 10, zapewniaj\u0105ca dogodne po\u0142\u0105czenia komunikacyjne.\u00a0<br \/>Granice gminy:<\/p>\n<ul>\n<li>od p\u00f3\u0142nocy \u2013 z gmin\u0105 Skrwilno (powiat rypi\u0144ski, woj. kujawsko-pomorskie),<\/li>\n<li>od wschodu \u2013 z gmin\u0105 Ro\u015bciszewo (powiat sierpecki),<\/li>\n<li>od po\u0142udnia \u2013 z gminami Sierpc i Mochowo (powiat sierpecki),<\/li>\n<li>od zachodu \u2013 z gmin\u0105 Rogowo (powiat rypi\u0144ski, woj. kujawsko-pomorskie) oraz gmin\u0105 Sk\u0119pe (powiat lipnowski, woj. kujawsko-pomorskie).<\/li>\n<\/ul>\n<p>Gmina le\u017cy na styku R\u00f3wniny Urszulewskiej, Pojezierza Dobrzy\u0144skiego i Wysoczyzny P\u0142o\u0144skiej. Tereny te charakteryzuj\u0105 si\u0119 p\u0142ask\u0105 rze\u017ab\u0105, jeziorami polodowcowymi oraz du\u017cymi kompleksami le\u015bnymi. Wyr\u00f3\u017cnia si\u0119 wyj\u0105tkowymi walorami krajobrazowymi i przyrodniczymi. Lasy, jeziora i doliny rzeczne tworz\u0105 tu harmonijny krajobraz, sprzyjaj\u0105cy zar\u00f3wno wypoczynkowi, jak i ochronie r\u00f3\u017cnorodno\u015bci biologicznej. Na terenie gminy wyst\u0119puj\u0105 liczne formy ochrony przyrody:<\/p>\n<ol>\n<li>Obszar Chronionego Krajobrazu \u201ePrzyrzecze Skrwy Prawej\u201d &#8211; Rozci\u0105ga si\u0119 na znacznej cz\u0119\u015bci gminy i obejmuje dolin\u0119 rzeki Skrwy Prawej oraz tereny s\u0105siednie. Ochron\u0105 obj\u0119to tu przede wszystkim naturalne ekosystemy wodne, \u0142\u0105ki i lasy, kt\u00f3re pe\u0142ni\u0105 funkcj\u0119 korytarzy ekologicznych. Obszar ten jest wa\u017cny dla migracji zwierz\u0105t i zachowania bior\u00f3\u017cnorodno\u015bci.<\/li>\n<li>Zesp\u00f3\u0142 przyrodniczo-krajobrazowy \u201eJezioro Szczutowskie\u201d &#8211; Obejmuje akwen i jego otoczenie o \u0142\u0105cznej powierzchni 250,9 ha. Samo jezioro ma powierzchni\u0119 ok. 100 ha. To jezioro polodowcowe o urozmaiconej linii brzegowej, otoczone lasami i terenami rekreacyjnymi. Stanowi doskona\u0142e miejsce do w\u0119dkowania, k\u0105pieli oraz sport\u00f3w wodnych.<\/li>\n<li>Zesp\u00f3\u0142 przyrodniczo-krajobrazowy \u201eJezioro Urszulewskie\u201d &#8211; Powierzchnia obszaru chronionego wynosi 211,3 ha, z czego samo jezioro zajmuje ok. 300 ha \u2013 cz\u0119\u015bciowo po\u0142o\u017cone na terenie Gminy Szczutowo oraz Gminy Skrwilno, jest to najwi\u0119kszy akwen gminy. Jezioro Urszulewskie cechuje si\u0119 du\u017c\u0105 atrakcyjno\u015bci\u0105 turystyczn\u0105: latem pe\u0142ni funkcj\u0119 k\u0105pieliska i centrum rekreacji wodnej, zim\u0105 natomiast przyci\u0105ga w\u0119dkarzy podlodowych. Otaczaj\u0105ce jezioro lasy i \u0142\u0105ki sprzyjaj\u0105 turystyce pieszej i rowerowej.<\/li>\n<\/ol>\n<p>Na obszarze gminy zachowa\u0142y si\u0119 cenne obiekty wpisane do rejestru zabytk\u00f3w, m.in.:<\/p>\n<ul>\n<li>Szczutowo \u2013 zesp\u00f3\u0142 ko\u015bcielny: ko\u015bci\u00f3\u0142 pw. \u015bw. Marii Magdaleny (XVIII\u2013XIX w.) oraz drewniana dzwonnica,<\/li>\n<li>Karlewo \u2013 drewniany ko\u015bci\u00f3\u0142 filialny pw. \u015bw. Wawrzy\u0144ca z 1720 r.,<\/li>\n<li>G\u00f3jsk \u2013 ko\u015bci\u00f3\u0142 parafialny pw. Serca Jezusowego z lat 1903\u20131906 z cmentarzem przyko\u015bcielnym (XIX w.).<\/li>\n<\/ul>\n<p>Zabytkowe cmentarze<\/p>\n<ul>\n<li>Szczutowo \u2013 cmentarz parafialny (XIX w.), mogi\u0142a powsta\u0144c\u00f3w styczniowych<\/li>\n<li>G\u00f3jsk \u2013 cmentarz parafialny katolicki (XIX w.) oraz cmentarz wojenny z I wojny \u015bwiatowej,<\/li>\n<li>Bia\u0142asy \u2013 cmentarz ewangelicki (XIX w.),<\/li>\n<li>Blinno \u2013 cmentarz z I wojny \u015bwiatowej,<\/li>\n<li>J\u00f3zefowo \u2013 cmentarz ewangelicki (XIX w.).<\/li>\n<\/ul>\n<p>Ponadto na terenie gminy znajduj\u0105 si\u0119 liczne kapliczki, krzy\u017ce przydro\u017cne i miejsca pami\u0119ci po\u015bwi\u0119cone mieszka\u0144com walcz\u0105cym w obronie ojczyzny.<\/p>\n","protected":false},"excerpt":{"rendered":"<p>\u00a0 \u00a0 \u00a0 \u00a0 Gmina Szczutowo to malownicza gmina wiejska po\u0142o\u017cona w p\u00f3\u0142nocno-zachodniej cz\u0119\u015bci wojew\u00f3dztwa mazowieckiego, w powiecie sierpeckim, na granicy z wojew\u00f3dztwem kujawsko-pomorskim. Zajmuje&hellip; <a class=\"continue\" href=\"https:\/\/szczutowo.pl\/?page_id=574\">Czytaj wi\u0119cej<span> O Gminie<\/span><\/a><\/p>\n","protected":false},"author":1,"featured_media":0,"parent":571,"menu_order":0,"comment_status":"closed","ping_status":"closed","template":"","meta":{"_acf_changed":false,"footnotes":""},"class_list":["post-574","page","type-page","status-publish","hentry"],"acf":[],"_links":{"self":[{"href":"https:\/\/szczutowo.pl\/index.php?rest_route=\/wp\/v2\/pages\/574","targetHints":{"allow":["GET"]}}],"collection":[{"href":"https:\/\/szczutowo.pl\/index.php?rest_route=\/wp\/v2\/pages"}],"about":[{"href":"https:\/\/szczutowo.pl\/index.php?rest_route=\/wp\/v2\/types\/page"}],"author":[{"embeddable":true,"href":"https:\/\/szczutowo.pl\/index.php?rest_route=\/wp\/v2\/users\/1"}],"replies":[{"embeddable":true,"href":"https:\/\/szczutowo.pl\/index.php?rest_route=%2Fwp%2Fv2%2Fcomments&post=574"}],"version-history":[{"count":9,"href":"https:\/\/szczutowo.pl\/index.php?rest_route=\/wp\/v2\/pages\/574\/revisions"}],"predecessor-version":[{"id":2947,"href":"https:\/\/szczutowo.pl\/index.php?rest_route=\/wp\/v2\/pages\/574\/revisions\/2947"}],"up":[{"embeddable":true,"href":"https:\/\/szczutowo.pl\/index.php?rest_route=\/wp\/v2\/pages\/571"}],"wp:attachment":[{"href":"https:\/\/szczutowo.pl\/index.php?rest_route=%2Fwp%2Fv2%2Fmedia&parent=574"}],"curies":[{"name":"wp","href":"https:\/\/api.w.org\/{rel}","templated":true}]}}