{"id":583,"date":"2024-08-17T00:21:00","date_gmt":"2024-08-16T22:21:00","guid":{"rendered":"http:\/\/szczutowo.pl\/?page_id=583"},"modified":"2024-08-24T17:17:07","modified_gmt":"2024-08-24T15:17:07","slug":"gmina-3-2","status":"publish","type":"page","link":"https:\/\/szczutowo.pl\/?page_id=583","title":{"rendered":"Rada Gminy kadencji 2024-2029"},"content":{"rendered":"\n<p>Bigorajska Lilla Ma\u0142gorzata<br>Borowska Renata Marzena<br>Czajkowski Andrzej Marek<br>D\u0119bski Piotr<br>Domin Barbara<br>Dziarkowski Zbigniew<br>Komorowska Anna<br>Kopci\u0144ski Zbigniew<br>Kopyci\u0144ski Marek<br>Krusi\u0144ski Przemys\u0142aw<br>Norkowski Roman Marceli<br>Pijankowski Ryszard<br>Pilarski Stanis\u0142aw Tadeusz<br>Topolewski J\u00f3zef<br>Wo\u017anicki Maciej<\/p>\n","protected":false},"excerpt":{"rendered":"<p>Bigorajska Lilla Ma\u0142gorzataBorowska Renata MarzenaCzajkowski Andrzej MarekD\u0119bski PiotrDomin BarbaraDziarkowski ZbigniewKomorowska AnnaKopci\u0144ski ZbigniewKopyci\u0144ski MarekKrusi\u0144ski Przemys\u0142awNorkowski Roman MarceliPijankowski RyszardPilarski Stanis\u0142aw TadeuszTopolewski J\u00f3zefWo\u017anicki Maciej<\/p>\n","protected":false},"author":1,"featured_media":0,"parent":571,"menu_order":0,"comment_status":"closed","ping_status":"closed","template":"","meta":{"_acf_changed":false,"footnotes":""},"class_list":["post-583","page","type-page","status-publish","hentry"],"acf":[],"_links":{"self":[{"href":"https:\/\/szczutowo.pl\/index.php?rest_route=\/wp\/v2\/pages\/583","targetHints":{"allow":["GET"]}}],"collection":[{"href":"https:\/\/szczutowo.pl\/index.php?rest_route=\/wp\/v2\/pages"}],"about":[{"href":"https:\/\/szczutowo.pl\/index.php?rest_route=\/wp\/v2\/types\/page"}],"author":[{"embeddable":true,"href":"https:\/\/szczutowo.pl\/index.php?rest_route=\/wp\/v2\/users\/1"}],"replies":[{"embeddable":true,"href":"https:\/\/szczutowo.pl\/index.php?rest_route=%2Fwp%2Fv2%2Fcomments&post=583"}],"version-history":[{"count":5,"href":"https:\/\/szczutowo.pl\/index.php?rest_route=\/wp\/v2\/pages\/583\/revisions"}],"predecessor-version":[{"id":891,"href":"https:\/\/szczutowo.pl\/index.php?rest_route=\/wp\/v2\/pages\/583\/revisions\/891"}],"up":[{"embeddable":true,"href":"https:\/\/szczutowo.pl\/index.php?rest_route=\/wp\/v2\/pages\/571"}],"wp:attachment":[{"href":"https:\/\/szczutowo.pl\/index.php?rest_route=%2Fwp%2Fv2%2Fmedia&parent=583"}],"curies":[{"name":"wp","href":"https:\/\/api.w.org\/{rel}","templated":true}]}}